{"id":7086,"date":"2024-06-07T08:49:37","date_gmt":"2024-06-07T06:49:37","guid":{"rendered":"http:\/\/18.159.216.47\/?page_id=7086"},"modified":"2024-06-07T10:02:49","modified_gmt":"2024-06-07T08:02:49","slug":"credipass-ty-page-ok","status":"publish","type":"page","link":"https:\/\/gazzettino-immobiliare.com\/index.php\/credipass-ty-page-ok\/","title":{"rendered":"Credipass &#8211; TY Page &#8211; OK"},"content":{"rendered":"\t\t<div data-elementor-type=\"wp-page\" data-elementor-id=\"7086\" class=\"elementor elementor-7086\" data-elementor-post-type=\"page\">\n\t\t\t\t\t\t<section class=\"elementor-section elementor-top-section elementor-element elementor-element-5d074edc elementor-section-boxed elementor-section-height-default elementor-section-height-default\" data-id=\"5d074edc\" data-element_type=\"section\" data-e-type=\"section\" data-settings=\"{&quot;background_background&quot;:&quot;classic&quot;}\">\n\t\t\t\t\t\t<div class=\"elementor-container elementor-column-gap-no\">\n\t\t\t\t\t<div class=\"elementor-column elementor-col-100 elementor-top-column elementor-element elementor-element-57491488\" data-id=\"57491488\" data-element_type=\"column\" data-e-type=\"column\" data-settings=\"{&quot;background_background&quot;:&quot;classic&quot;}\">\n\t\t\t<div class=\"elementor-widget-wrap elementor-element-populated\">\n\t\t\t\t\t\t<section class=\"elementor-section elementor-inner-section elementor-element elementor-element-21f8c350 elementor-section-full_width elementor-section-height-default elementor-section-height-default\" data-id=\"21f8c350\" data-element_type=\"section\" data-e-type=\"section\" data-settings=\"{&quot;background_background&quot;:&quot;classic&quot;}\">\n\t\t\t\t\t\t<div class=\"elementor-container elementor-column-gap-no\">\n\t\t\t\t\t<div class=\"elementor-column elementor-col-100 elementor-inner-column elementor-element elementor-element-2c656917\" data-id=\"2c656917\" data-element_type=\"column\" data-e-type=\"column\">\n\t\t\t<div class=\"elementor-widget-wrap elementor-element-populated\">\n\t\t\t\t\t\t<div class=\"elementor-element elementor-element-214fc96e elementor-widget elementor-widget-spacer\" data-id=\"214fc96e\" data-element_type=\"widget\" data-e-type=\"widget\" data-widget_type=\"spacer.default\">\n\t\t\t\t<div class=\"elementor-widget-container\">\n\t\t\t\t\t\t\t<div class=\"elementor-spacer\">\n\t\t\t<div class=\"elementor-spacer-inner\"><\/div>\n\t\t<\/div>\n\t\t\t\t\t\t<\/div>\n\t\t\t\t<\/div>\n\t\t\t\t<div class=\"elementor-element elementor-element-7ca15cd8 elementor-widget elementor-widget-heading\" data-id=\"7ca15cd8\" data-element_type=\"widget\" data-e-type=\"widget\" data-widget_type=\"heading.default\">\n\t\t\t\t<div class=\"elementor-widget-container\">\n\t\t\t\t\t<h1 class=\"elementor-heading-title elementor-size-default\"><b>L'azienda migliore per il tuo prestito \u00e8 Credipass<\/b><\/h1>\t\t\t\t<\/div>\n\t\t\t\t<\/div>\n\t\t\t\t<div class=\"elementor-element elementor-element-382335c3 elementor-widget elementor-widget-image\" data-id=\"382335c3\" data-element_type=\"widget\" data-e-type=\"widget\" data-widget_type=\"image.default\">\n\t\t\t\t<div class=\"elementor-widget-container\">\n\t\t\t\t\t\t\t\t\t\t\t\t\t\t\t<img fetchpriority=\"high\" decoding=\"async\" width=\"600\" height=\"177\" src=\"https:\/\/gazzettino-immobiliare.com\/wp-content\/uploads\/2024\/06\/credipass-logo-3672327142.png\" class=\"attachment-large size-large wp-image-7096\" alt=\"\" srcset=\"https:\/\/gazzettino-immobiliare.com\/wp-content\/uploads\/2024\/06\/credipass-logo-3672327142.png 600w, https:\/\/gazzettino-immobiliare.com\/wp-content\/uploads\/2024\/06\/credipass-logo-3672327142-300x89.png 300w\" sizes=\"(max-width: 600px) 100vw, 600px\" \/>\t\t\t\t\t\t\t\t\t\t\t\t\t\t\t<\/div>\n\t\t\t\t<\/div>\n\t\t\t\t<div class=\"elementor-element elementor-element-6b0458a5 elementor-widget elementor-widget-text-editor\" data-id=\"6b0458a5\" data-element_type=\"widget\" data-e-type=\"widget\" data-widget_type=\"text-editor.default\">\n\t\t\t\t<div class=\"elementor-widget-container\">\n\t\t\t\t\t\t\t\t\t<p>Abbiamo scelto <strong>Credipass<\/strong> perch\u00e9:<\/p><p><img decoding=\"async\" class=\"emoji\" role=\"img\" draggable=\"false\" src=\"https:\/\/s.w.org\/images\/core\/emoji\/14.0.0\/svg\/2714.svg\" alt=\"\u2714\ufe0f\" \/> Ha uno dei <b>migliori tassi d&#8217;Interesse Cessione del Quinto in Italia<\/b>\u00a0<\/p><p><img decoding=\"async\" class=\"emoji\" role=\"img\" draggable=\"false\" src=\"https:\/\/s.w.org\/images\/core\/emoji\/14.0.0\/svg\/2714.svg\" alt=\"\u2714\ufe0f\" \/> Credipass \u00e8 societ\u00e0 leader in mediazione creditizia, con una rete di oltre 200 uffici e <strong>pi\u00f9 di 750 consulenti professionisti<\/strong>, presenti su tutto il territorio nazionale<\/p><p><img decoding=\"async\" class=\"emoji\" role=\"img\" draggable=\"false\" src=\"https:\/\/s.w.org\/images\/core\/emoji\/14.0.0\/svg\/2714.svg\" alt=\"\u2714\ufe0f\" \/> La <strong>partnership con oltre 40 Istituti Bancari<\/strong> gli consente di fornire sempre la migliore consulenza, offrendo ai suoi clienti alternative e soluzioni su misura<\/p><p><img decoding=\"async\" class=\"emoji\" role=\"img\" draggable=\"false\" src=\"https:\/\/s.w.org\/images\/core\/emoji\/14.0.0\/svg\/2714.svg\" alt=\"\u2714\ufe0f\" \/> \u00c8 una delle poche societ\u00e0 di credito ad avere un elevato tasso di recensioni positive, con<b> 4,9 stelle su TrustPilot<\/b><\/p>\t\t\t\t\t\t\t\t<\/div>\n\t\t\t\t<\/div>\n\t\t\t\t<div class=\"elementor-element elementor-element-23861eb elementor-widget elementor-widget-heading\" data-id=\"23861eb\" data-element_type=\"widget\" data-e-type=\"widget\" data-widget_type=\"heading.default\">\n\t\t\t\t<div class=\"elementor-widget-container\">\n\t\t\t\t\t<h1 class=\"elementor-heading-title elementor-size-default\"><b>Cosa succede adesso?<\/b><\/h1>\t\t\t\t<\/div>\n\t\t\t\t<\/div>\n\t\t\t\t<div class=\"elementor-element elementor-element-f7accd6 elementor-widget elementor-widget-text-editor\" data-id=\"f7accd6\" data-element_type=\"widget\" data-e-type=\"widget\" data-widget_type=\"text-editor.default\">\n\t\t\t\t<div class=\"elementor-widget-container\">\n\t\t\t\t\t\t\t\t\t<p><b>Un consulente del team di Credipass\u00a0<\/b>ha preso in carico la tua richiesta e sar\u00e0 in contatto con te nelle prossime 2 ore per offrirti un preventivo gratuito e senza impegno.\u00a0<\/p><p>Assicurati di tenere d&#8217;occhio il telefono per non perderti la chiamata.\u00a0<\/p>\t\t\t\t\t\t\t\t<\/div>\n\t\t\t\t<\/div>\n\t\t\t\t\t<\/div>\n\t\t<\/div>\n\t\t\t\t\t<\/div>\n\t\t<\/section>\n\t\t\t\t\t<\/div>\n\t\t<\/div>\n\t\t\t\t\t<\/div>\n\t\t<\/section>\n\t\t\t\t<section class=\"elementor-section elementor-top-section elementor-element elementor-element-23b95cda elementor-section-boxed elementor-section-height-default elementor-section-height-default\" data-id=\"23b95cda\" data-element_type=\"section\" data-e-type=\"section\" data-settings=\"{&quot;background_background&quot;:&quot;classic&quot;}\">\n\t\t\t\t\t\t<div class=\"elementor-container elementor-column-gap-default\">\n\t\t\t\t\t<div class=\"elementor-column elementor-col-100 elementor-top-column elementor-element elementor-element-72c2b4ed\" data-id=\"72c2b4ed\" data-element_type=\"column\" data-e-type=\"column\">\n\t\t\t<div class=\"elementor-widget-wrap elementor-element-populated\">\n\t\t\t\t\t\t<div class=\"elementor-element elementor-element-f8fcf54 elementor-widget-divider--view-line elementor-widget elementor-widget-divider\" data-id=\"f8fcf54\" data-element_type=\"widget\" data-e-type=\"widget\" data-widget_type=\"divider.default\">\n\t\t\t\t<div class=\"elementor-widget-container\">\n\t\t\t\t\t\t\t<div class=\"elementor-divider\">\n\t\t\t<span class=\"elementor-divider-separator\">\n\t\t\t\t\t\t<\/span>\n\t\t<\/div>\n\t\t\t\t\t\t<\/div>\n\t\t\t\t<\/div>\n\t\t\t\t<div class=\"elementor-element elementor-element-3d5ec91 elementor-widget elementor-widget-text-editor\" data-id=\"3d5ec91\" data-element_type=\"widget\" data-e-type=\"widget\" data-widget_type=\"text-editor.default\">\n\t\t\t\t<div class=\"elementor-widget-container\">\n\t\t\t\t\t\t\t\t\t<p>2024 Tutti i Diritti Riservati\u00a0 \u2013 <a href=\"https:\/\/finexpert.it\/privacy-e-cookie-policy\/\">Privacy &amp; Cookie Policy<\/a><\/p>\t\t\t\t\t\t\t\t<\/div>\n\t\t\t\t<\/div>\n\t\t\t\t<div class=\"elementor-element elementor-element-934abee elementor-widget elementor-widget-text-editor\" data-id=\"934abee\" data-element_type=\"widget\" data-e-type=\"widget\" data-widget_type=\"text-editor.default\">\n\t\t\t\t<div class=\"elementor-widget-container\">\n\t\t\t\t\t\t\t\t\t<p>Questa \u00e8 una pubblicit\u00e0 e non un articolo di notizie, un blog o un aggiornamento sulla protezione dei consumatori. Ci dedichiamo a portare ai lettori informazioni preziose che possono aiutarli a realizzare i loro obiettivi finanziari, tramite anche l\u2019impiego di tecniche di storytelling per illustrare i servizi proposti. Le storie raccontate in questa pagina pertanto costituiscono una pubblicit\u00e0 con scopo informativo, funziona a far comprendere il potenziale di quanto proposto. Questa pagina \u00e8 una pubblicit\u00e0. Ci auguriamo che troviate la nostra risorsa online informativa e utile. Messaggio pubblicitario con finalit\u00e0 promozionale. Finanziamenti soggetti ad approvazione ed erogazione dell\u2019istituto erogante.\u00a0<\/p><p>La presente promozione \u00e8 effettuata da Credipass www.credipass.it \u2013 \u00e8 di propriet\u00e0 di Credipass Srl \u2013 Sede legale e Operativa: Via Martiri di Cefalonia, 5<br \/>24121, Bergamo, (BG), Italia, Il servizio offerto, totalmente gratuito e senza impegno, offre l\u2019opportunit\u00e0 di entrare in contatto con Credipass Srl, regolarmente operante ed iscritto all\u2019OAM nel rispetto della legge vigente in materia. L\u2019offerta commerciale potr\u00e0 variare in funzione della valutazione del profilo di rischio complessivo. In osservanza al D.lgs. 1\/9\/93 n.385 sulla trasparenza delle operazioni finanziarie. Tassi e condizioni sono riportati nei fogli informativi disponibili in filiale o cliccando ai seguenti link: <a href=\"https:\/\/www.credipass.it\/trasparenza\/\">https:\/\/www.credipass.it\/trasparenza\/<\/a><\/p>\t\t\t\t\t\t\t\t<\/div>\n\t\t\t\t<\/div>\n\t\t\t\t\t<\/div>\n\t\t<\/div>\n\t\t\t\t\t<\/div>\n\t\t<\/section>\n\t\t\t\t<section class=\"elementor-section elementor-top-section elementor-element elementor-element-6e743888 elementor-section-boxed elementor-section-height-default elementor-section-height-default\" data-id=\"6e743888\" data-element_type=\"section\" data-e-type=\"section\">\n\t\t\t\t\t\t<div class=\"elementor-container elementor-column-gap-default\">\n\t\t\t\t\t<div class=\"elementor-column elementor-col-100 elementor-top-column elementor-element elementor-element-b8a2acc\" data-id=\"b8a2acc\" data-element_type=\"column\" data-e-type=\"column\">\n\t\t\t<div class=\"elementor-widget-wrap\">\n\t\t\t\t\t\t\t<\/div>\n\t\t<\/div>\n\t\t\t\t\t<\/div>\n\t\t<\/section>\n\t\t\t\t<\/div>\n\t\t","protected":false},"excerpt":{"rendered":"<p>L&#8217;azienda migliore per il tuo prestito \u00e8 Credipass Abbiamo scelto Credipass perch\u00e9: Ha uno dei migliori tassi d&#8217;Interesse Cessione del Quinto in Italia\u00a0 Credipass \u00e8 societ\u00e0 leader in mediazione creditizia, con una rete di oltre 200 uffici e pi\u00f9 di 750 consulenti professionisti, presenti su tutto il territorio nazionale La partnership con oltre 40 Istituti [&hellip;]<\/p>\n","protected":false},"author":1,"featured_media":0,"parent":0,"menu_order":0,"comment_status":"closed","ping_status":"closed","template":"elementor_canvas","meta":{"footnotes":""},"folder":[33],"class_list":["post-7086","page","type-page","status-publish","hentry"],"yoast_head":"<!-- This site is optimized with the Yoast SEO plugin v27.4 - https:\/\/yoast.com\/product\/yoast-seo-wordpress\/ -->\n<title>Migliori Prestiti 2024<\/title>\n<meta name=\"robots\" content=\"index, follow, max-snippet:-1, max-image-preview:large, max-video-preview:-1\" \/>\n<link rel=\"canonical\" href=\"https:\/\/vedo-chiaro.com\/index.php\/credipass-ty-page-ok\/\" \/>\n<meta property=\"og:locale\" content=\"it_IT\" \/>\n<meta property=\"og:type\" content=\"article\" \/>\n<meta property=\"og:title\" content=\"Migliori Prestiti 2024\" \/>\n<meta property=\"og:description\" content=\"L&#8217;azienda migliore per il tuo prestito \u00e8 Credipass Abbiamo scelto Credipass perch\u00e9: Ha uno dei migliori tassi d&#8217;Interesse Cessione del Quinto in Italia\u00a0 Credipass \u00e8 societ\u00e0 leader in mediazione creditizia, con una rete di oltre 200 uffici e pi\u00f9 di 750 consulenti professionisti, presenti su tutto il territorio nazionale La partnership con oltre 40 Istituti [&hellip;]\" \/>\n<meta property=\"og:url\" content=\"https:\/\/vedo-chiaro.com\/index.php\/credipass-ty-page-ok\/\" \/>\n<meta property=\"og:site_name\" content=\"Notizie Aggiornate\" \/>\n<meta property=\"article:modified_time\" content=\"2024-06-07T08:02:49+00:00\" \/>\n<meta property=\"og:image\" content=\"http:\/\/18.159.216.47\/wp-content\/uploads\/2024\/06\/credipass-logo-3672327142.png\" \/>\n<meta name=\"twitter:card\" content=\"summary_large_image\" \/>\n<meta name=\"twitter:label1\" content=\"Tempo di lettura stimato\" \/>\n\t<meta name=\"twitter:data1\" content=\"3 minuti\" \/>\n<script type=\"application\/ld+json\" class=\"yoast-schema-graph\">{\"@context\":\"https:\\\/\\\/schema.org\",\"@graph\":[{\"@type\":\"WebPage\",\"@id\":\"https:\\\/\\\/vedo-chiaro.com\\\/index.php\\\/credipass-ty-page-ok\\\/\",\"url\":\"https:\\\/\\\/vedo-chiaro.com\\\/index.php\\\/credipass-ty-page-ok\\\/\",\"name\":\"Migliori Prestiti 2024\",\"isPartOf\":{\"@id\":\"https:\\\/\\\/terapie-efficaci.com\\\/#website\"},\"primaryImageOfPage\":{\"@id\":\"https:\\\/\\\/vedo-chiaro.com\\\/index.php\\\/credipass-ty-page-ok\\\/#primaryimage\"},\"image\":{\"@id\":\"https:\\\/\\\/vedo-chiaro.com\\\/index.php\\\/credipass-ty-page-ok\\\/#primaryimage\"},\"thumbnailUrl\":\"http:\\\/\\\/18.159.216.47\\\/wp-content\\\/uploads\\\/2024\\\/06\\\/credipass-logo-3672327142.png\",\"datePublished\":\"2024-06-07T06:49:37+00:00\",\"dateModified\":\"2024-06-07T08:02:49+00:00\",\"breadcrumb\":{\"@id\":\"https:\\\/\\\/vedo-chiaro.com\\\/index.php\\\/credipass-ty-page-ok\\\/#breadcrumb\"},\"inLanguage\":\"it-IT\",\"potentialAction\":[{\"@type\":\"ReadAction\",\"target\":[\"https:\\\/\\\/vedo-chiaro.com\\\/index.php\\\/credipass-ty-page-ok\\\/\"]}]},{\"@type\":\"ImageObject\",\"inLanguage\":\"it-IT\",\"@id\":\"https:\\\/\\\/vedo-chiaro.com\\\/index.php\\\/credipass-ty-page-ok\\\/#primaryimage\",\"url\":\"http:\\\/\\\/18.159.216.47\\\/wp-content\\\/uploads\\\/2024\\\/06\\\/credipass-logo-3672327142.png\",\"contentUrl\":\"http:\\\/\\\/18.159.216.47\\\/wp-content\\\/uploads\\\/2024\\\/06\\\/credipass-logo-3672327142.png\"},{\"@type\":\"BreadcrumbList\",\"@id\":\"https:\\\/\\\/vedo-chiaro.com\\\/index.php\\\/credipass-ty-page-ok\\\/#breadcrumb\",\"itemListElement\":[{\"@type\":\"ListItem\",\"position\":1,\"name\":\"Home\",\"item\":\"https:\\\/\\\/terapie-efficaci.com\\\/\"},{\"@type\":\"ListItem\",\"position\":2,\"name\":\"Credipass &#8211; TY Page &#8211; OK\"}]},{\"@type\":\"WebSite\",\"@id\":\"https:\\\/\\\/terapie-efficaci.com\\\/#website\",\"url\":\"https:\\\/\\\/terapie-efficaci.com\\\/\",\"name\":\"Notizie Aggiornate\",\"description\":\"\",\"potentialAction\":[{\"@type\":\"SearchAction\",\"target\":{\"@type\":\"EntryPoint\",\"urlTemplate\":\"https:\\\/\\\/terapie-efficaci.com\\\/?s={search_term_string}\"},\"query-input\":{\"@type\":\"PropertyValueSpecification\",\"valueRequired\":true,\"valueName\":\"search_term_string\"}}],\"inLanguage\":\"it-IT\"}]}<\/script>\n<!-- \/ Yoast SEO plugin. -->","yoast_head_json":{"title":"Migliori Prestiti 2024","robots":{"index":"index","follow":"follow","max-snippet":"max-snippet:-1","max-image-preview":"max-image-preview:large","max-video-preview":"max-video-preview:-1"},"canonical":"https:\/\/vedo-chiaro.com\/index.php\/credipass-ty-page-ok\/","og_locale":"it_IT","og_type":"article","og_title":"Migliori Prestiti 2024","og_description":"L&#8217;azienda migliore per il tuo prestito \u00e8 Credipass Abbiamo scelto Credipass perch\u00e9: Ha uno dei migliori tassi d&#8217;Interesse Cessione del Quinto in Italia\u00a0 Credipass \u00e8 societ\u00e0 leader in mediazione creditizia, con una rete di oltre 200 uffici e pi\u00f9 di 750 consulenti professionisti, presenti su tutto il territorio nazionale La partnership con oltre 40 Istituti [&hellip;]","og_url":"https:\/\/vedo-chiaro.com\/index.php\/credipass-ty-page-ok\/","og_site_name":"Notizie Aggiornate","article_modified_time":"2024-06-07T08:02:49+00:00","og_image":[{"url":"http:\/\/18.159.216.47\/wp-content\/uploads\/2024\/06\/credipass-logo-3672327142.png","type":"","width":"","height":""}],"twitter_card":"summary_large_image","twitter_misc":{"Tempo di lettura stimato":"3 minuti"},"schema":{"@context":"https:\/\/schema.org","@graph":[{"@type":"WebPage","@id":"https:\/\/vedo-chiaro.com\/index.php\/credipass-ty-page-ok\/","url":"https:\/\/vedo-chiaro.com\/index.php\/credipass-ty-page-ok\/","name":"Migliori Prestiti 2024","isPartOf":{"@id":"https:\/\/terapie-efficaci.com\/#website"},"primaryImageOfPage":{"@id":"https:\/\/vedo-chiaro.com\/index.php\/credipass-ty-page-ok\/#primaryimage"},"image":{"@id":"https:\/\/vedo-chiaro.com\/index.php\/credipass-ty-page-ok\/#primaryimage"},"thumbnailUrl":"http:\/\/18.159.216.47\/wp-content\/uploads\/2024\/06\/credipass-logo-3672327142.png","datePublished":"2024-06-07T06:49:37+00:00","dateModified":"2024-06-07T08:02:49+00:00","breadcrumb":{"@id":"https:\/\/vedo-chiaro.com\/index.php\/credipass-ty-page-ok\/#breadcrumb"},"inLanguage":"it-IT","potentialAction":[{"@type":"ReadAction","target":["https:\/\/vedo-chiaro.com\/index.php\/credipass-ty-page-ok\/"]}]},{"@type":"ImageObject","inLanguage":"it-IT","@id":"https:\/\/vedo-chiaro.com\/index.php\/credipass-ty-page-ok\/#primaryimage","url":"http:\/\/18.159.216.47\/wp-content\/uploads\/2024\/06\/credipass-logo-3672327142.png","contentUrl":"http:\/\/18.159.216.47\/wp-content\/uploads\/2024\/06\/credipass-logo-3672327142.png"},{"@type":"BreadcrumbList","@id":"https:\/\/vedo-chiaro.com\/index.php\/credipass-ty-page-ok\/#breadcrumb","itemListElement":[{"@type":"ListItem","position":1,"name":"Home","item":"https:\/\/terapie-efficaci.com\/"},{"@type":"ListItem","position":2,"name":"Credipass &#8211; TY Page &#8211; OK"}]},{"@type":"WebSite","@id":"https:\/\/terapie-efficaci.com\/#website","url":"https:\/\/terapie-efficaci.com\/","name":"Notizie Aggiornate","description":"","potentialAction":[{"@type":"SearchAction","target":{"@type":"EntryPoint","urlTemplate":"https:\/\/terapie-efficaci.com\/?s={search_term_string}"},"query-input":{"@type":"PropertyValueSpecification","valueRequired":true,"valueName":"search_term_string"}}],"inLanguage":"it-IT"}]}},"_links":{"self":[{"href":"https:\/\/gazzettino-immobiliare.com\/index.php\/wp-json\/wp\/v2\/pages\/7086","targetHints":{"allow":["GET"]}}],"collection":[{"href":"https:\/\/gazzettino-immobiliare.com\/index.php\/wp-json\/wp\/v2\/pages"}],"about":[{"href":"https:\/\/gazzettino-immobiliare.com\/index.php\/wp-json\/wp\/v2\/types\/page"}],"author":[{"embeddable":true,"href":"https:\/\/gazzettino-immobiliare.com\/index.php\/wp-json\/wp\/v2\/users\/1"}],"replies":[{"embeddable":true,"href":"https:\/\/gazzettino-immobiliare.com\/index.php\/wp-json\/wp\/v2\/comments?post=7086"}],"version-history":[{"count":17,"href":"https:\/\/gazzettino-immobiliare.com\/index.php\/wp-json\/wp\/v2\/pages\/7086\/revisions"}],"predecessor-version":[{"id":7119,"href":"https:\/\/gazzettino-immobiliare.com\/index.php\/wp-json\/wp\/v2\/pages\/7086\/revisions\/7119"}],"wp:attachment":[{"href":"https:\/\/gazzettino-immobiliare.com\/index.php\/wp-json\/wp\/v2\/media?parent=7086"}],"wp:term":[{"taxonomy":"folder","embeddable":true,"href":"https:\/\/gazzettino-immobiliare.com\/index.php\/wp-json\/wp\/v2\/folder?post=7086"}],"curies":[{"name":"wp","href":"https:\/\/api.w.org\/{rel}","templated":true}]}}